{"id":702,"date":"2024-03-14T16:55:33","date_gmt":"2024-03-14T15:55:33","guid":{"rendered":"https:\/\/quiropraxialaserena.cl\/?page_id=702"},"modified":"2024-03-25T22:07:33","modified_gmt":"2024-03-25T21:07:33","slug":"que-es-la-quiropraxia","status":"publish","type":"page","link":"https:\/\/quiropraxialaserena.cl\/?page_id=702","title":{"rendered":"Qu\u00e9 es la quiropraxia"},"content":{"rendered":"\n<div class=\"wp-block-stackable-columns stk-block-columns stk-block stk-5404dab stk-block-background\" data-block-id=\"5404dab\"><style>.stk-5404dab{background-color:var(--theme-palette-color-3,#355575) !important;margin-bottom:57px !important}.stk-5404dab:before{background-color:var(--theme-palette-color-3,#355575) !important}<\/style><div class=\"stk-row stk-inner-blocks stk-block-content stk-content-align stk-5404dab-column\">\n<div class=\"wp-block-stackable-column stk-block-column stk-column stk-block stk-3fda7d9 stk-block-background stk--has-background-overlay\" data-v=\"4\" data-block-id=\"3fda7d9\"><style>.stk-3fda7d9{background-image:url(https:\/\/quiropraxialaserena.cl\/wp-content\/uploads\/2024\/03\/IMG_8775-1-scaled.jpg) !important}<\/style><div class=\"stk-column-wrapper stk-block-column__content stk-container stk-3fda7d9-container stk--no-background stk--no-padding\"><div class=\"stk-block-content stk-inner-blocks stk-3fda7d9-inner-blocks\">\n<p class=\"has-text-align-center has-white-color has-text-color has-link-color has-x-large-font-size wp-elements-eb541f734400b49e5c69515603f68694\"><strong>\u00bfQu\u00e9 es la Quiropr\u00e1xia?<\/strong><\/p>\n<\/div><\/div><\/div>\n<\/div><\/div>\n\n\n\n<div class=\"wp-block-stackable-columns stk-block-columns stk-block stk-f22d57f\" data-block-id=\"f22d57f\"><div class=\"stk-row stk-inner-blocks stk-block-content stk-content-align stk-f22d57f-column\">\n<div class=\"wp-block-stackable-column stk-block-column stk-column stk-block stk-e725244\" data-v=\"4\" data-block-id=\"e725244\"><div class=\"stk-column-wrapper stk-block-column__content stk-container stk-e725244-container stk--no-background stk--no-padding\"><div class=\"stk-block-content stk-inner-blocks stk-e725244-inner-blocks\">\n<div class=\"wp-block-stackable-columns stk-block-columns stk-block stk-51c8004\" data-block-id=\"51c8004\"><div class=\"stk-row stk-inner-blocks stk-block-content stk-content-align stk-51c8004-column\">\n<div class=\"wp-block-stackable-column stk-block-column stk-column stk-block stk-7d225c5\" data-v=\"4\" data-block-id=\"7d225c5\"><div class=\"stk-column-wrapper stk-block-column__content stk-container stk-7d225c5-container stk--no-background stk--no-padding\"><div class=\"stk-block-content stk-inner-blocks stk-7d225c5-inner-blocks\">\n<p><strong>La Quiropr\u00e1ctica es la profesi\u00f3n sanitaria que se ocupa del diagn\u00f3stico, tratamiento y prevenci\u00f3n de los trastornos neuro-m\u00fasculo-esquel\u00e9ticos y de los efectos de estos en la salud general. Trabaja sobre la columna vertebral y a trav\u00e9s de t\u00e9cnicas manuales de ajustes y manipulaci\u00f3n busca corregir sus problemas mec\u00e1nicos y mejorar as\u00ed el funcionamiento del sistema nervioso y la salud de todo el organismo.<\/strong><\/p>\n\n\n\n<p>Fundada en Iowa (EEUU) en la d\u00e9cada de 1890, es la tercera profesi\u00f3n sanitaria de Atenci\u00f3n Primaria en el mundo, con m\u00e1s de 30 millones de pacientes cada a\u00f1o.<\/p>\n\n\n\n<p>En muchos pa\u00edses el Quiropr\u00e1ctico est\u00e1 integrado en el sistema p\u00fablico de salud y es el primer facultativo al que se consulta. Se estima que la Quiropr\u00e1ctica permite un ahorro de hasta el 50% de los costos sanitarios respecto a los tratamientos tradicionalmente utilizados.<\/p>\n\n\n\n<p>En Chile, los profesionales tienen a lo menos 8 a\u00f1os de formaci\u00f3n universitaria y la mayor\u00eda de los Quiropr\u00e1cticos en nuestro pa\u00eds son Kinesi\u00f3logos. La formaci\u00f3n en Chile se da actualmente en la Universidad Central, que est\u00e1 capacitada y autorizada por la World Federation of Chiropractic (WFC), para dictar esta carrera desde el a\u00f1o 2010 a la fecha.<\/p>\n\n\n\n<p>El desarrollo de la Quiropr\u00e1ctica en Chile es cada vez mayor y est\u00e1 cambiando la forma de hacer salud, ya que la resoluci\u00f3n de los problemas de la columna y trastornos musculoesquel\u00e9ticos desde la Quiropr\u00e1ctica, han demostrado tener un impacto positivo en la salud p\u00fablica en el mundo, debido a la alta efectividad, seguridad y eficiencia cient\u00edficamente comprobada de la Quiropr\u00e1ctica.<\/p>\n<\/div><\/div><\/div>\n<\/div><\/div>\n<\/div><\/div><\/div>\n<\/div><\/div>\n","protected":false},"excerpt":{"rendered":"<p>\u00bfQu\u00e9 es la Quiropr\u00e1xia? La Quiropr\u00e1ctica es la profesi\u00f3n sanitaria que se ocupa del diagn\u00f3stico, tratamiento y prevenci\u00f3n de los trastornos neuro-m\u00fasculo-esquel\u00e9ticos y de los efectos de estos en la salud general. Trabaja sobre la columna vertebral y a trav\u00e9s de t\u00e9cnicas manuales de ajustes y manipulaci\u00f3n busca corregir sus problemas mec\u00e1nicos y mejorar as\u00ed [&hellip;]<\/p>\n","protected":false},"author":1,"featured_media":0,"parent":0,"menu_order":0,"comment_status":"closed","ping_status":"closed","template":"","meta":{"_gspb_post_css":"","_monsterinsights_skip_tracking":false,"_monsterinsights_sitenote_active":false,"_monsterinsights_sitenote_note":"","_monsterinsights_sitenote_category":0,"footnotes":"","_joinchat":[]},"blocksy_meta":[],"featured_image_urls":{"full":"","thumbnail":"","medium":"","medium_large":"","large":"","1536x1536":"","2048x2048":""},"post_excerpt_stackable":"<p>\u00bfQu\u00e9 es la Quiropr\u00e1xia? La Quiropr\u00e1ctica es la profesi\u00f3n sanitaria que se ocupa del diagn\u00f3stico, tratamiento y prevenci\u00f3n de los trastornos neuro-m\u00fasculo-esquel\u00e9ticos y de los efectos de estos en la salud general. Trabaja sobre la columna vertebral y a trav\u00e9s de t\u00e9cnicas manuales de ajustes y manipulaci\u00f3n busca corregir sus problemas mec\u00e1nicos y mejorar as\u00ed el funcionamiento del sistema nervioso y la salud de todo el organismo. Fundada en Iowa (EEUU) en la d\u00e9cada de 1890, es la tercera profesi\u00f3n sanitaria de Atenci\u00f3n Primaria en el mundo, con m\u00e1s de 30 millones de pacientes cada a\u00f1o. En muchos pa\u00edses el&hellip;<\/p>\n","category_list":"","author_info":{"name":"quiropraxialaserena.cl","url":"https:\/\/quiropraxialaserena.cl\/?author=1"},"comments_num":"0 comentarios","_links":{"self":[{"href":"https:\/\/quiropraxialaserena.cl\/index.php?rest_route=\/wp\/v2\/pages\/702"}],"collection":[{"href":"https:\/\/quiropraxialaserena.cl\/index.php?rest_route=\/wp\/v2\/pages"}],"about":[{"href":"https:\/\/quiropraxialaserena.cl\/index.php?rest_route=\/wp\/v2\/types\/page"}],"author":[{"embeddable":true,"href":"https:\/\/quiropraxialaserena.cl\/index.php?rest_route=\/wp\/v2\/users\/1"}],"replies":[{"embeddable":true,"href":"https:\/\/quiropraxialaserena.cl\/index.php?rest_route=%2Fwp%2Fv2%2Fcomments&post=702"}],"version-history":[{"count":3,"href":"https:\/\/quiropraxialaserena.cl\/index.php?rest_route=\/wp\/v2\/pages\/702\/revisions"}],"predecessor-version":[{"id":723,"href":"https:\/\/quiropraxialaserena.cl\/index.php?rest_route=\/wp\/v2\/pages\/702\/revisions\/723"}],"wp:attachment":[{"href":"https:\/\/quiropraxialaserena.cl\/index.php?rest_route=%2Fwp%2Fv2%2Fmedia&parent=702"}],"curies":[{"name":"wp","href":"https:\/\/api.w.org\/{rel}","templated":true}]}}