{"id":765,"date":"2024-03-14T16:52:00","date_gmt":"2024-03-14T15:52:00","guid":{"rendered":"https:\/\/quiropraxialaserena.cl\/?page_id=765"},"modified":"2024-03-14T16:52:25","modified_gmt":"2024-03-14T15:52:25","slug":"encuentranos","status":"publish","type":"page","link":"https:\/\/quiropraxialaserena.cl\/?page_id=765","title":{"rendered":"Ubicaci\u00f3n"},"content":{"rendered":"\n<div class=\"wp-block-stackable-columns stk-block-columns stk-block stk-ecf98c3\" data-block-id=\"ecf98c3\"><div class=\"stk-row stk-inner-blocks stk-block-content stk-content-align stk-ecf98c3-column\"><\/div><\/div>\n\n\n\n<div class=\"wp-block-greenshift-blocks-container gspb_container gspb_container-gsbp-b7a6313\" id=\"gspb_container-id-gsbp-b7a6313\"><div class=\"gspb_id-gsbp-b0ef25c wp-block-greenshift-blocks-map\"><div data-key=\"gspb_id_gsbp_b0ef25c\" class=\"gspb_map-wrapper gspb_osmap\" id=gspb_map-gsbp-b0ef25c><\/div><\/div>\n\n\n<div class=\"wp-block-greenshift-blocks-row gspb_row gspb_row-id-gsbp-1fe0cc7 gspb_row--gutter-custom-0\" id=\"gspb_row-id-gsbp-1fe0cc7\"><div class=\"gspb_row__content\"> \n<div class=\"wp-block-greenshift-blocks-row-column gspb_row__col--4 gspb_col-id-gsbp-a7c4119\" id=\"gspb_col-id-gsbp-a7c4119\">\n<h2 id=\"gspb_heading-id-gsbp-e8fa6a1\" class=\"gspb_heading gspb_heading-id-gsbp-e8fa6a1 \">Ubicaci\u00f3n central<\/h2>\n\n\n\n<div id=\"gspb_text-id-gsbp-a947a91\" class=\"gspb_text gspb_text-id-gsbp-a947a91 \">F\u00e1cil acceso v\u00eda transporte p\u00fabico y privado.<\/div>\n<\/div>\n\n\n\n<div class=\"wp-block-greenshift-blocks-row-column gspb_row__col--4 gspb_col-id-gsbp-05cbeb5\" id=\"gspb_col-id-gsbp-05cbeb5\">\n<h2 id=\"gspb_heading-id-gsbp-74ebe06\" class=\"gspb_heading gspb_heading-id-gsbp-74ebe06 \">Estacionamiento <\/h2>\n\n\n\n<div id=\"gspb_text-id-gsbp-65f42dc\" class=\"gspb_text gspb_text-id-gsbp-65f42dc \">Contamos con estacionamiento para nuestros clientes, con alternativa de estacionamiento cercano de pago y gratuito. <\/div>\n<\/div>\n <\/div><\/div>\n<\/div>\n","protected":false},"excerpt":{"rendered":"","protected":false},"author":1,"featured_media":0,"parent":0,"menu_order":0,"comment_status":"closed","ping_status":"closed","template":"","meta":{"_gspb_post_css":"#gspb_heading-id-gsbp-e8fa6a1{font-size:22px}@media (max-width:991.98px){#gspb_heading-id-gsbp-e8fa6a1{font-size:20px;text-align:center!important}#gspb_heading-id-gsbp-e8fa6a1 .gsap-g-line{text-align:center!important}}#gspb_heading-id-gsbp-e8fa6a1{margin-top:0;margin-bottom:10px}@media (max-width:991.98px){.gspb_text-id-gsbp-a947a91,.gspb_text-id-gsbp-a947a91 .gsap-g-line{text-align:center!important}}#gspb_heading-id-gsbp-74ebe06{font-size:22px}@media (max-width:991.98px){#gspb_heading-id-gsbp-74ebe06{font-size:20px;text-align:center!important}#gspb_heading-id-gsbp-74ebe06 .gsap-g-line{text-align:center!important}}#gspb_heading-id-gsbp-74ebe06{margin-top:0;margin-bottom:10px}@media (max-width:991.98px){.gspb_text-id-gsbp-65f42dc,.gspb_text-id-gsbp-65f42dc .gsap-g-line{text-align:center!important}}#gspb_row-id-gsbp-1fe0cc7{justify-content:space-between;margin-bottom:0;display:flex;flex-wrap:wrap;align-content:stretch;margin-top:70px}#gspb_row-id-gsbp-1fe0cc7>.gspb_row__content{display:flex;margin:0 auto;width:100%;flex-wrap:wrap}.gspb_row{position:relative}div[id^=gspb_col-id]{padding:15px min(3vw,20px);box-sizing:border-box;position:relative}@media (max-width:575.98px){#gspb_row-id-gsbp-1fe0cc7>.gspb_row__content{row-gap:40px}}#gspb_row-id-gsbp-1fe0cc7>.gspb_row__content{align-items:stretch;justify-content:center}body.gspb-bodyfront #gspb_row-id-gsbp-1fe0cc7>.gspb_row__content{width:var(--theme-container-width, 1200px);max-width:var(--theme-normal-container-max-width, 1200px)}@media (max-width:991.98px){#gspb_row-id-gsbp-1fe0cc7{margin-top:40px}}.gspb_container-id-gsbp-b7a6313{flex-direction:column;box-sizing:border-box}#gspb_container-id-gsbp-b7a6313.gspb_container>p:last-of-type{margin-bottom:0}.gspb_container{position:relative}#gspb_container-id-gsbp-b7a6313.gspb_container{margin-bottom:120px;padding:80px}@media (max-width:991.98px){#gspb_container-id-gsbp-b7a6313.gspb_container{margin-bottom:80px;padding:50px}}@media (max-width:575.98px){#gspb_container-id-gsbp-b7a6313.gspb_container{margin-bottom:60px;padding:35px}}#gspb_container-id-gsbp-b7a6313.gspb_container,#gspb_container-id-gsbp-b7a6313.gspb_container>.gspb_backgroundOverlay{border-top-left-radius:40px;border-top-right-radius:40px;border-bottom-right-radius:40px;border-bottom-left-radius:40px}#gspb_container-id-gsbp-b7a6313.gspb_container{background-color:var(--wp--preset--color--palette-color-7, var(--theme-palette-color-7, #F7FAFD))}#gspb_col-id-gsbp-a7c4119.gspb_row__col--4{width:calc(33.333333333333336% - 75px)}@media (max-width:991.98px){#gspb_col-id-gsbp-a7c4119.gspb_row__col--4{width:calc(33.333333333333336% - 25px)}}@media (max-width:767.98px){#gspb_col-id-gsbp-a7c4119.gspb_row__col--4{width:calc(33.333333333333336% - 25px)}}@media (max-width:575.98px){#gspb_col-id-gsbp-a7c4119.gspb_row__col--4{width:100%}}.gspb_row #gspb_col-id-gsbp-05cbeb5.gspb_row__col--4,.gspb_row #gspb_col-id-gsbp-a7c4119.gspb_row__col--4{padding:0}#gspb_col-id-gsbp-05cbeb5.gspb_row__col--4{width:calc(33.333333333333336% - 75px)}@media (max-width:991.98px){#gspb_col-id-gsbp-05cbeb5.gspb_row__col--4{width:calc(33.333333333333336% - 25px)}}@media (max-width:767.98px){#gspb_col-id-gsbp-05cbeb5.gspb_row__col--4{width:calc(33.333333333333336% - 25px)}}@media (max-width:575.98px){#gspb_col-id-gsbp-05cbeb5.gspb_row__col--4{width:100%}}.gspb_id-gsbp-b0ef25c{display:flex;overflow:hidden;border-top-left-radius:25px;border-top-right-radius:25px;border-bottom-right-radius:25px;border-bottom-left-radius:25px}.gspb_id-gsbp-b0ef25c .gspb_map-wrapper{width:100%;height:400px;isolation:isolate}","_monsterinsights_skip_tracking":false,"_monsterinsights_sitenote_active":false,"_monsterinsights_sitenote_note":"","_monsterinsights_sitenote_category":0,"footnotes":"","_joinchat":[]},"blocksy_meta":[],"featured_image_urls":{"full":"","thumbnail":"","medium":"","medium_large":"","large":"","1536x1536":"","2048x2048":""},"post_excerpt_stackable":"<p>Ubicaci\u00f3n central F\u00e1cil acceso v\u00eda transporte p\u00fabico y privado. Estacionamiento Contamos con estacionamiento para nuestros clientes, con alternativa de estacionamiento cercano de pago y gratuito.<\/p>\n","category_list":"","author_info":{"name":"quiropraxialaserena.cl","url":"https:\/\/quiropraxialaserena.cl\/?author=1"},"comments_num":"0 comentarios","_links":{"self":[{"href":"https:\/\/quiropraxialaserena.cl\/index.php?rest_route=\/wp\/v2\/pages\/765"}],"collection":[{"href":"https:\/\/quiropraxialaserena.cl\/index.php?rest_route=\/wp\/v2\/pages"}],"about":[{"href":"https:\/\/quiropraxialaserena.cl\/index.php?rest_route=\/wp\/v2\/types\/page"}],"author":[{"embeddable":true,"href":"https:\/\/quiropraxialaserena.cl\/index.php?rest_route=\/wp\/v2\/users\/1"}],"replies":[{"embeddable":true,"href":"https:\/\/quiropraxialaserena.cl\/index.php?rest_route=%2Fwp%2Fv2%2Fcomments&post=765"}],"version-history":[{"count":4,"href":"https:\/\/quiropraxialaserena.cl\/index.php?rest_route=\/wp\/v2\/pages\/765\/revisions"}],"predecessor-version":[{"id":769,"href":"https:\/\/quiropraxialaserena.cl\/index.php?rest_route=\/wp\/v2\/pages\/765\/revisions\/769"}],"wp:attachment":[{"href":"https:\/\/quiropraxialaserena.cl\/index.php?rest_route=%2Fwp%2Fv2%2Fmedia&parent=765"}],"curies":[{"name":"wp","href":"https:\/\/api.w.org\/{rel}","templated":true}]}}